{"id":679,"date":"2021-02-22T16:03:02","date_gmt":"2021-02-22T15:03:02","guid":{"rendered":"https:\/\/de.gate-away.com\/blog\/?page_id=679"},"modified":"2021-03-31T19:57:45","modified_gmt":"2021-03-31T17:57:45","slug":"leitfaden-zum-immobilienkauf","status":"publish","type":"page","link":"https:\/\/de.gate-away.com\/blog\/leitfaden-zum-immobilienkauf\/","title":{"rendered":"Leitfaden zum Immobilienkauf"},"content":{"rendered":"\n<h2 class=\"wp-block-heading\">Ein Leitfaden zum Kauf einer Immobilie in Italien<\/h2>\n\n\n\n<p>Benvenuti a casa in Italia, oder willkommen zu Hause in Italien. Gate-away.com freut sich, diesen umfassenden Leitfaden zum Kauf von Immobilien in Italien einer wachsenden internationalen Kundschaft zur Verf\u00fcgung zu stellen, die hier eine Immobilie sucht. In diesem Online-Ratgeber finden Ausl\u00e4nder fundierte Ratschl\u00e4ge \u00fcber den italienischen Immobilienkaufprozess, einschlie\u00dflich solider Tipps, die sich auf Steuern, Geb\u00fchren, Provisionen und andere Kosten beziehen. Dieser Leitfaden bietet nicht nur wunderbare Anleitungen, sondern h\u00e4lt auch unsere nicht-italienischen Investoren \u00fcber b\u00fcrokratische Fallstricke und andere Dilemmas beim Immobilienkauf auf dem Laufenden, \u00fcber die ein unvorbereiteter K\u00e4ufer sonst stolpern k\u00f6nnte. Nutzen Sie den Leitfaden, um Ihren Weg in das Land des la dolce vita, des guten italienischen Lebens, zu erleichtern.<\/p>\n","protected":false},"excerpt":{"rendered":"<p>Ein Leitfaden zum Kauf einer Immobilie in Italien Benvenuti a casa in Italia, oder willkommen zu &hellip; <a class=\"card__read-more\" href=\"https:\/\/de.gate-away.com\/blog\/leitfaden-zum-immobilienkauf\/\">Weiterlesen <span class=\"icon\"><br \/>\n    <svg aria-hidden=\"true\" focusable=\"false\">\n        <use xlink:href=\"https:\/\/de.gate-away.com\/blog\/wp-content\/themes\/gateaway\/dist\/icons\/icons.svg#assets--src--icons--arrow-right\"><\/use>\n    <\/svg><br \/>\n<\/span><br \/>\n<\/a><\/p>\n","protected":false},"author":1,"featured_media":0,"parent":0,"menu_order":0,"comment_status":"closed","ping_status":"closed","template":"page-templates\/buying-guide.php","meta":{"_acf_changed":false,"footnotes":""},"class_list":["post-679","page","type-page","status-publish","hentry"],"acf":[],"yoast_head":"<!-- This site is optimized with the Yoast SEO plugin v27.4 - https:\/\/yoast.com\/product\/yoast-seo-wordpress\/ -->\n<title>Leitfaden zum Immobilienkauf - Gate-away.com blog<\/title>\n<meta name=\"description\" content=\"Ein umfassender Leitfaden zum Kauf einer Immobilie in Italien. Der italienische Immobilienkaufprozess, mit n\u00fctzlichen Tipps zu Steuern, Geb\u00fchren, Provisionen und anderen Kosten.\" \/>\n<meta name=\"robots\" content=\"index, follow, max-snippet:-1, max-image-preview:large, max-video-preview:-1\" \/>\n<link rel=\"canonical\" href=\"https:\/\/de.gate-away.com\/blog\/leitfaden-zum-immobilienkauf\/\" \/>\n<meta property=\"og:locale\" content=\"de_DE\" \/>\n<meta property=\"og:type\" content=\"article\" \/>\n<meta property=\"og:title\" content=\"Leitfaden zum Immobilienkauf - Gate-away.com blog\" \/>\n<meta property=\"og:description\" content=\"Ein umfassender Leitfaden zum Kauf einer Immobilie in Italien. Der italienische Immobilienkaufprozess, mit n\u00fctzlichen Tipps zu Steuern, Geb\u00fchren, Provisionen und anderen Kosten.\" \/>\n<meta property=\"og:url\" content=\"https:\/\/de.gate-away.com\/blog\/leitfaden-zum-immobilienkauf\/\" \/>\n<meta property=\"og:site_name\" content=\"Gate-away.com blog\" \/>\n<meta property=\"article:publisher\" content=\"https:\/\/www.facebook.com\/GateAway\/\" \/>\n<meta property=\"article:modified_time\" content=\"2021-03-31T17:57:45+00:00\" \/>\n<meta name=\"twitter:label1\" content=\"Gesch\u00e4tzte Lesezeit\" \/>\n\t<meta name=\"twitter:data1\" content=\"1\u00a0Minute\" \/>\n<script type=\"application\/ld+json\" class=\"yoast-schema-graph\">{\"@context\":\"https:\\\/\\\/schema.org\",\"@graph\":[{\"@type\":\"WebPage\",\"@id\":\"https:\\\/\\\/de.gate-away.com\\\/blog\\\/leitfaden-zum-immobilienkauf\\\/\",\"url\":\"https:\\\/\\\/de.gate-away.com\\\/blog\\\/leitfaden-zum-immobilienkauf\\\/\",\"name\":\"Leitfaden zum Immobilienkauf - Gate-away.com blog\",\"isPartOf\":{\"@id\":\"https:\\\/\\\/de.gate-away.com\\\/blog\\\/#website\"},\"datePublished\":\"2021-02-22T15:03:02+00:00\",\"dateModified\":\"2021-03-31T17:57:45+00:00\",\"description\":\"Ein umfassender Leitfaden zum Kauf einer Immobilie in Italien. Der italienische Immobilienkaufprozess, mit n\u00fctzlichen Tipps zu Steuern, Geb\u00fchren, Provisionen und anderen Kosten.\",\"breadcrumb\":{\"@id\":\"https:\\\/\\\/de.gate-away.com\\\/blog\\\/leitfaden-zum-immobilienkauf\\\/#breadcrumb\"},\"inLanguage\":\"de\",\"potentialAction\":[{\"@type\":\"ReadAction\",\"target\":[\"https:\\\/\\\/de.gate-away.com\\\/blog\\\/leitfaden-zum-immobilienkauf\\\/\"]}]},{\"@type\":\"BreadcrumbList\",\"@id\":\"https:\\\/\\\/de.gate-away.com\\\/blog\\\/leitfaden-zum-immobilienkauf\\\/#breadcrumb\",\"itemListElement\":[{\"@type\":\"ListItem\",\"position\":1,\"name\":\"Startseite\",\"item\":\"https:\\\/\\\/de.gate-away.com\\\/blog\\\/\"},{\"@type\":\"ListItem\",\"position\":2,\"name\":\"Leitfaden zum Immobilienkauf\"}]},{\"@type\":\"WebSite\",\"@id\":\"https:\\\/\\\/de.gate-away.com\\\/blog\\\/#website\",\"url\":\"https:\\\/\\\/de.gate-away.com\\\/blog\\\/\",\"name\":\"Gate-away.com blog\",\"description\":\"Der italienische Immobilienblog\",\"potentialAction\":[{\"@type\":\"SearchAction\",\"target\":{\"@type\":\"EntryPoint\",\"urlTemplate\":\"https:\\\/\\\/de.gate-away.com\\\/blog\\\/?s={search_term_string}\"},\"query-input\":{\"@type\":\"PropertyValueSpecification\",\"valueRequired\":true,\"valueName\":\"search_term_string\"}}],\"inLanguage\":\"de\"}]}<\/script>\n<!-- \/ Yoast SEO plugin. -->","yoast_head_json":{"title":"Leitfaden zum Immobilienkauf - Gate-away.com blog","description":"Ein umfassender Leitfaden zum Kauf einer Immobilie in Italien. Der italienische Immobilienkaufprozess, mit n\u00fctzlichen Tipps zu Steuern, Geb\u00fchren, Provisionen und anderen Kosten.","robots":{"index":"index","follow":"follow","max-snippet":"max-snippet:-1","max-image-preview":"max-image-preview:large","max-video-preview":"max-video-preview:-1"},"canonical":"https:\/\/de.gate-away.com\/blog\/leitfaden-zum-immobilienkauf\/","og_locale":"de_DE","og_type":"article","og_title":"Leitfaden zum Immobilienkauf - Gate-away.com blog","og_description":"Ein umfassender Leitfaden zum Kauf einer Immobilie in Italien. Der italienische Immobilienkaufprozess, mit n\u00fctzlichen Tipps zu Steuern, Geb\u00fchren, Provisionen und anderen Kosten.","og_url":"https:\/\/de.gate-away.com\/blog\/leitfaden-zum-immobilienkauf\/","og_site_name":"Gate-away.com blog","article_publisher":"https:\/\/www.facebook.com\/GateAway\/","article_modified_time":"2021-03-31T17:57:45+00:00","twitter_misc":{"Gesch\u00e4tzte Lesezeit":"1\u00a0Minute"},"schema":{"@context":"https:\/\/schema.org","@graph":[{"@type":"WebPage","@id":"https:\/\/de.gate-away.com\/blog\/leitfaden-zum-immobilienkauf\/","url":"https:\/\/de.gate-away.com\/blog\/leitfaden-zum-immobilienkauf\/","name":"Leitfaden zum Immobilienkauf - Gate-away.com blog","isPartOf":{"@id":"https:\/\/de.gate-away.com\/blog\/#website"},"datePublished":"2021-02-22T15:03:02+00:00","dateModified":"2021-03-31T17:57:45+00:00","description":"Ein umfassender Leitfaden zum Kauf einer Immobilie in Italien. Der italienische Immobilienkaufprozess, mit n\u00fctzlichen Tipps zu Steuern, Geb\u00fchren, Provisionen und anderen Kosten.","breadcrumb":{"@id":"https:\/\/de.gate-away.com\/blog\/leitfaden-zum-immobilienkauf\/#breadcrumb"},"inLanguage":"de","potentialAction":[{"@type":"ReadAction","target":["https:\/\/de.gate-away.com\/blog\/leitfaden-zum-immobilienkauf\/"]}]},{"@type":"BreadcrumbList","@id":"https:\/\/de.gate-away.com\/blog\/leitfaden-zum-immobilienkauf\/#breadcrumb","itemListElement":[{"@type":"ListItem","position":1,"name":"Startseite","item":"https:\/\/de.gate-away.com\/blog\/"},{"@type":"ListItem","position":2,"name":"Leitfaden zum Immobilienkauf"}]},{"@type":"WebSite","@id":"https:\/\/de.gate-away.com\/blog\/#website","url":"https:\/\/de.gate-away.com\/blog\/","name":"Gate-away.com blog","description":"Der italienische Immobilienblog","potentialAction":[{"@type":"SearchAction","target":{"@type":"EntryPoint","urlTemplate":"https:\/\/de.gate-away.com\/blog\/?s={search_term_string}"},"query-input":{"@type":"PropertyValueSpecification","valueRequired":true,"valueName":"search_term_string"}}],"inLanguage":"de"}]}},"_links":{"self":[{"href":"https:\/\/de.gate-away.com\/blog\/wp-json\/wp\/v2\/pages\/679","targetHints":{"allow":["GET"]}}],"collection":[{"href":"https:\/\/de.gate-away.com\/blog\/wp-json\/wp\/v2\/pages"}],"about":[{"href":"https:\/\/de.gate-away.com\/blog\/wp-json\/wp\/v2\/types\/page"}],"author":[{"embeddable":true,"href":"https:\/\/de.gate-away.com\/blog\/wp-json\/wp\/v2\/users\/1"}],"replies":[{"embeddable":true,"href":"https:\/\/de.gate-away.com\/blog\/wp-json\/wp\/v2\/comments?post=679"}],"version-history":[{"count":0,"href":"https:\/\/de.gate-away.com\/blog\/wp-json\/wp\/v2\/pages\/679\/revisions"}],"wp:attachment":[{"href":"https:\/\/de.gate-away.com\/blog\/wp-json\/wp\/v2\/media?parent=679"}],"curies":[{"name":"wp","href":"https:\/\/api.w.org\/{rel}","templated":true}]}}